{"id":34,"date":"2025-08-12T07:05:16","date_gmt":"2025-08-12T07:05:16","guid":{"rendered":"https:\/\/havera.fi\/index.php\/materialis\/"},"modified":"2025-09-15T09:59:54","modified_gmt":"2025-09-15T09:59:54","slug":"materialis","status":"publish","type":"page","link":"https:\/\/havera.fi\/","title":{"rendered":"Front Page"},"content":{"rendered":"<div  id=\"about-6\" style=\"background-color: #f5fafd;\" data-label=\"About\" data-id=\"about-4\" data-export-id=\"about-4\" data-category=\"about\" class=\"about-4 content-section content-section-spacing-large\"><div  class=\"gridContainer\"> <div  class=\"row middle-sm text-center\"><div  class=\"col-sm-5 space-bottom-xs\" data-type=\"column\"> <h5  class=\"\">\u201dHUOLEHDIMME HUOLELLA\u201d<\/h5> <h2  class=\"\">Suunnittelemme palvelumme<br ><span  style=\"font-family: Playfair Display,sans-serif; font-weight: 700; font-style: italic;\" href=\"#\">sinun tarpeesi <\/span>mukaan, yhdess\u00e4 sinun kanssa!<\/h2> <p  class=\"\">Olen Henrik Mettovaara, 17 vuotias toisen vuoden lukiolainen ja tuore yritt\u00e4j\u00e4 Havera Oy:n toimitusjohtajana.<br ><br >Olen syntynyt yritt\u00e4j\u00e4 perheeseen is\u00e4ni jalanj\u00e4lki\u00e4 seuraten. Sytyke yritt\u00e4jyyteen syntyi halusta saada sek\u00e4 vastuuta ett\u00e4 ty\u00f6, johon pystyn itse vaikuuttaa 100%. Yritt\u00e4jyys on minulle haaste, ennen kaikkea mahdollisuus oppia, oivaltaa ja omaksua yritt\u00e4jyytt\u00e4 tulevia korkeakouluopintojani varten.<br >\n<br >Olethan reilusti yhteydess\u00e4 ja katsotaan yhdess\u00e4 kuinka voisin vastata tarpeisiinne.<\/p> <a  class=\"button big color1 mdc-ripple-upgraded\" href=\"#yhteystiedot\" target=\"_self\" data-cp-link=\"1\">OTA REILUSTI YHTEYTT\u00c4!<\/a><\/div> <div  class=\"col-sm-7 flexbox center-xs middle-xs image-group-2-img padding-top-bottom\"> <img  decoding=\"async\" class=\"img-1 rounded mdc-elevation--z10\" data-size=\"250x200\" src=\"https:\/\/havera.fi\/wp-content\/uploads\/2025\/08\/pexels-duc-tinh-ngo-2147637857-29697899-scaled.jpg\"> <img  decoding=\"async\" class=\"img-2 rounded mdc-elevation--z10\" data-size=\"220x170\" src=\"https:\/\/havera.fi\/wp-content\/uploads\/2025\/09\/cropped-Henrik_auto1-scaled-2.jpg\"><\/div> <\/div><\/div> <\/div><div  id=\"palvelut\" style=\"background-color: #f5fafd;\" data-label=\"Palvelut\" data-id=\"portfolio-1-materialis\" data-export-id=\"portfolio-1-materialis\" data-category=\"portfolio\" class=\"portfolio-1m content-section\"><div > <div  class=\"row text-center\" data-type=\"row\" data-fixed=\"true\"><div  class=\"col-sm-6 col-xs-12 no-gutter-col col-md-4\"> <div  class=\"contentswap-effect contentswap-overlay\" data-hover-fx=\"portfolio-1\" style=\"float: none; margin: 0px; width: 100%;\"><div  class=\"initial-image\" style=\"float: none; margin: 0px;\"> <img  decoding=\"async\" data-size=\"600x354\" src=\"https:\/\/havera.fi\/wp-content\/uploads\/2025\/08\/cropped-pexels-pascal-kuffer-190126462-11364122-scaled-1.jpg\"><\/div> <div  class=\"overlay bg-color-black\" style=\"display: block; transition: opacity 800ms; -webkit-transition-timing-function: ease; -moz-transition-timing-function: ease; -o-transition-timing-function: ease; transition-timing-function: ease;\"><\/div> <div  class=\"swap-inner col-xs-12\" style=\"display: block; transition: 800ms; background-color: rgba(0, 0, 0, 0); margin-top: 0px;\"> <div  class=\"row full-height-row middle-xs\"> <div  class=\"col-xs-12 text-center white-text\"> <h4  class=\"font-500\">Piha-alueet<\/h4> <a  class=\"button color-white mdc-ripple-upgraded\" href=\"#\" target=\"_self\" data-cp-link=\"1\">Lis\u00e4tietoja: 040 504 1104<\/a><\/div> <\/div><\/div> <\/div><\/div> <div  class=\"col-sm-6 col-xs-12 no-gutter-col col-md-4\"><div  class=\"contentswap-effect contentswap-overlay\" data-hover-fx=\"portfolio-1\" style=\"float: none; margin: 0px; width: 100%;\"> <div  class=\"initial-image\" style=\"float: none; margin: 0px;\"> <img  decoding=\"async\" data-size=\"600x354\" src=\"https:\/\/havera.fi\/wp-content\/uploads\/2025\/08\/cropped-pexels-caitlin-whealy-3517316-5652626-scaled-1.jpg\"><\/div> <div  class=\"overlay bg-color-black\" style=\"display: block; transition: opacity 800ms; -webkit-transition-timing-function: ease; -moz-transition-timing-function: ease; -o-transition-timing-function: ease; transition-timing-function: ease;\"><\/div> <div  class=\"swap-inner col-xs-12\" style=\"display: block; transition: 800ms; background-color: rgba(0, 0, 0, 0); margin-top: 0px;\"> <div  class=\"row full-height-row middle-xs\"> <div  class=\"col-xs-12 text-center white-text\"> <h4  class=\"font-500\">Piharakenteet Piha-alueet<\/h4> <a  class=\"button color-white mdc-ripple-upgraded\" href=\"#\" target=\"_self\" data-cp-link=\"1\">Lis\u00e4tietoja: 040 504 1104 <\/a><\/div> <\/div><\/div> <\/div><\/div> <div  class=\"col-sm-6 col-xs-12 no-gutter-col col-md-4\"><div  class=\"contentswap-effect contentswap-overlay\" data-hover-fx=\"portfolio-1\" style=\"float: none; margin: 0px; width: 100%;\"> <div  class=\"initial-image\" style=\"float: none; margin: 0px;\"> <img  decoding=\"async\" data-size=\"600x354\" src=\"https:\/\/havera.fi\/wp-content\/uploads\/2025\/08\/cropped-pexels-pixabay-221027-scaled-1.jpg\"><\/div> <div  class=\"overlay bg-color-black\" style=\"display: block; transition: opacity 800ms; -webkit-transition-timing-function: ease; -moz-transition-timing-function: ease; -o-transition-timing-function: ease; transition-timing-function: ease;\"><\/div> <div  class=\"swap-inner col-xs-12\" style=\"display: block; transition: 800ms; background-color: rgba(0, 0, 0, 0); margin-top: 0px;\"> <div  class=\"row full-height-row middle-xs\"> <div  class=\"col-xs-12 text-center white-text\"> <h4  class=\"font-500\">Maalaukset (sis\u00e4 ja ulko)<\/h4> <a  class=\"button color-white mdc-ripple-upgraded\" href=\"#\" target=\"_self\" data-cp-link=\"1\">Lis\u00e4tietoja: 040 504 1104<\/a><\/div> <\/div><\/div> <\/div><\/div> <div  class=\"col-sm-6 col-xs-12 no-gutter-col col-md-4\"><div  class=\"contentswap-effect contentswap-overlay\" data-hover-fx=\"portfolio-1\" style=\"float: none; margin: 0px; width: 100%;\"> <div  class=\"initial-image\" style=\"float: none; margin: 0px;\"> <img  decoding=\"async\" data-size=\"600x354\" src=\"https:\/\/havera.fi\/wp-content\/uploads\/2025\/08\/cropped-istockphoto-1013886544-612x612-1.jpg\"><\/div> <div  class=\"overlay bg-color-black\" style=\"display: block; transition: opacity 800ms; -webkit-transition-timing-function: ease; -moz-transition-timing-function: ease; -o-transition-timing-function: ease; transition-timing-function: ease;\"><\/div> <div  class=\"swap-inner col-xs-12\" style=\"display: block; transition: 800ms; background-color: rgba(0, 0, 0, 0); margin-top: 0px;\"> <div  class=\"row full-height-row middle-xs\"> <div  class=\"col-xs-12 text-center white-text\"> <h4  class=\"font-500\">R\u00e4nnit (puhdistus ja korjaus)<\/h4> <a  class=\"button color-white mdc-ripple-upgraded\" href=\"#\" target=\"_self\" data-cp-link=\"1\">Lis\u00e4tietoja: 040 504 1104<\/a><\/div> <\/div><\/div> <\/div><\/div> <div  class=\"col-sm-6 col-xs-12 no-gutter-col col-md-4\"><div  class=\"contentswap-effect contentswap-overlay\" data-hover-fx=\"portfolio-1\" style=\"float: none; margin: 0px; width: 100%;\"> <div  class=\"initial-image\" style=\"float: none; margin: 0px;\"> <img  decoding=\"async\" data-size=\"600x354\" src=\"https:\/\/havera.fi\/wp-content\/uploads\/2025\/08\/cropped-pexels-tima-miroshnichenko-6196228-scaled-2.jpg\"><\/div> <div  class=\"overlay bg-color-black\" style=\"display: block; transition: opacity 800ms; -webkit-transition-timing-function: ease; -moz-transition-timing-function: ease; -o-transition-timing-function: ease; transition-timing-function: ease;\"><\/div> <div  class=\"swap-inner col-xs-12\" style=\"display: block; transition: 800ms; background-color: rgba(0, 0, 0, 0); margin-top: 0px;\"> <div  class=\"row full-height-row middle-xs\"> <div  class=\"col-xs-12 text-center white-text\"> <h4  class=\"font-500\">Ilmanvaihto (puhdistus)<\/h4> <a  class=\"button color-white mdc-ripple-upgraded\" href=\"#\" target=\"_self\" data-cp-link=\"1\">Lis\u00e4tietoja: 040 504 1104<\/a><\/div> <\/div><\/div> <\/div><\/div> <div  class=\"col-sm-6 col-xs-12 no-gutter-col col-md-4\"><div  class=\"contentswap-effect contentswap-overlay\" data-hover-fx=\"portfolio-1\" style=\"float: none; margin: 0px; width: 100%;\"> <div  class=\"initial-image\" style=\"float: none; margin: 0px;\"> <img  decoding=\"async\" data-size=\"600x354\" src=\"https:\/\/havera.fi\/wp-content\/plugins\/materialis-companion\/theme-data\/materialis\/sections\/images\/image-7.png\"><\/div> <div  class=\"overlay bg-color-black\" style=\"display: block; transition: opacity 800ms; -webkit-transition-timing-function: ease; -moz-transition-timing-function: ease; -o-transition-timing-function: ease; transition-timing-function: ease;\"><\/div> <div  class=\"swap-inner col-xs-12\" style=\"display: block; transition: 800ms; background-color: rgba(0, 0, 0, 0); margin-top: 0px;\"> <div  class=\"row full-height-row middle-xs\"> <div  class=\"col-xs-12 text-center white-text\"> <h4  class=\"font-500\">Takuu ty\u00f6lle!<\/h4> <a  class=\"button color-white mdc-ripple-upgraded\" href=\"#\" target=\"_self\" data-cp-link=\"1\">Lis\u00e4tietoja: 040 504 1104<\/a><\/div> <\/div><\/div> <\/div><\/div>    <\/div><\/div> <\/div><div  id=\"testimonials-2\" style=\"background-color: #ffffff;\" data-label=\"Testimonials\" data-id=\"testimonials-1-materialis\" data-export-id=\"testimonials-1-materialis\" data-category=\"testimonials\" class=\"testimonials-1m content-section content-section-spacing\"><div  class=\"gridContainer\"> <div  class=\"row space-bottom-small\"><div  data-type=\"column\" class=\"section-title-col\"> <h2  class=\"\">Tyytyv\u00e4isi\u00e4 asiakkaita!<\/h2> <p  class=\"lead\">Seuraavassa saamaamme palutetta suoraan asiakkailta.<\/p><\/div> <\/div> <div  class=\"row spaced-cols content-left-sm\" data-type=\"row\"> <div  class=\"col-xs-12 col-sm-4 col-md-12 \"> <div  class=\"card mdc-elevation--z3 small-padding no-border\"> <div  class=\"row space-bottom-small\"> <div  class=\"testimonial-body col-xs-12\" data-type=\"column\"> <p  class=\"\">Tehty ty\u00f6 huolellista ja siisti\u00e4. Ty\u00f6aika k\u00e4ytetty tehokkaasti ja ripe\u00e4\u00e4 toimintaa.<\/p><\/div> <\/div> <div  class=\"row middle-xs f-align\"> <div  class=\"col-xs-fit col-sm-12 col-md-fit space-bottom-image\" data-fixed=\"true\"> <img  decoding=\"async\" data-fixed-elevation=\"true\" class=\"round image-70 mdc-elevation--z3\" src=\"https:\/\/havera.fi\/wp-content\/uploads\/2025\/08\/cropped-cropped-HAVERA_LOGOMERKKI_01.png\"><\/div> <div  class=\"col-xs-fit col-sm-12 col-md-fit info no-padding-left\" data-type=\"column\"><h6  class=\"font-700\">Anne Pikkuaho<\/h6> <p  class=\"\">25.08.2025&nbsp;<span  style=\"font-size: 17.6px; text-align: center;\">| Oulu<\/span><\/p><\/div> <\/div><\/div> <\/div>  <\/div> <\/div><\/div><div  id=\"latest-news-1\" style=\"background-color: #f5fafd;\" data-label=\"Latest-news\" data-id=\"latest-news-1-materialis\" data-export-id=\"latest-news-1-materialis\" data-category=\"latest_news\" class=\"latest-news-1-materialis content-section content-section-spacing-large\"><div  class=\"gridContainer\"> <div  class=\"row\"><div  data-type=\"column\" class=\"section-title-col\"> <h2  class=\"\">HAVERA tiedotteet ja uutiset<\/h2> <\/div> <\/div> <div  class=\"row content-left-sm\"> <div  data-type=\"row\" data-dynamic-columns=\"handled\" data-content-shortcode=\"materialis_latest_news\" data-max-items=\"4\">\t\t<div class=\"row materialis-latest-news\">\n\t\t\t\t\t<div id=\"post-1\" class=\"col-sm-6 col-md-4 space-bottom space-bottom-xs\">\n\t\t\t\t\t<div class=\"post-content no-padding  mdc-card overflow-hidden mdc-elevation--z2 latest-news-layout-cards\">\n\t\t\t\t\t<div class=\"\">\n\t\t\t\t    <div class=\"post-thumbnail\">\n        <a href=\"https:\/\/havera.fi\/index.php\/2025\/08\/11\/hello-world\/\" class=\"post-list-item-thumb \">\n            <img loading=\"lazy\" decoding=\"async\" width=\"1232\" height=\"821\" src=\"https:\/\/havera.fi\/wp-content\/uploads\/2025\/08\/pexels-pascal-kuffer-190126462-11364122-1232x821.jpg\" class=\"attachment-post-thumbnail size-post-thumbnail wp-post-image\" alt=\"\" srcset=\"https:\/\/havera.fi\/wp-content\/uploads\/2025\/08\/pexels-pascal-kuffer-190126462-11364122-1232x821.jpg 1232w, https:\/\/havera.fi\/wp-content\/uploads\/2025\/08\/pexels-pascal-kuffer-190126462-11364122-300x200.jpg 300w, https:\/\/havera.fi\/wp-content\/uploads\/2025\/08\/pexels-pascal-kuffer-190126462-11364122-1024x683.jpg 1024w, https:\/\/havera.fi\/wp-content\/uploads\/2025\/08\/pexels-pascal-kuffer-190126462-11364122-768x512.jpg 768w, https:\/\/havera.fi\/wp-content\/uploads\/2025\/08\/pexels-pascal-kuffer-190126462-11364122-1536x1024.jpg 1536w, https:\/\/havera.fi\/wp-content\/uploads\/2025\/08\/pexels-pascal-kuffer-190126462-11364122-2048x1365.jpg 2048w, https:\/\/havera.fi\/wp-content\/uploads\/2025\/08\/pexels-pascal-kuffer-190126462-11364122-1620x1080.jpg 1620w\" sizes=\"auto, (max-width: 1232px) 100vw, 1232px\" \/>        <\/a>\n    <\/div>\n    \t\t\t<\/div>\n\t\t\n\t\t<div class=\"post-content-body col-padding  \">\n\t\t\t\t\t\t\t<div class=\"space-bottom-small\">\n\t\t\t\t\t<a href=\"https:\/\/havera.fi\/index.php\/category\/tiedotteet-ja-uutiset\/\"  class=\"button color5 link \">tiedotteet ja uutiset<\/a>\t\t\t\t<\/div>\n\t\t\t\n\t\t\t<h4 class=\"latest-news-item-title\">\n\t\t\t\t<a href=\"https:\/\/havera.fi\/index.php\/2025\/08\/11\/hello-world\/\" rel=\"bookmark\">\n\t\t\t\t\tSuunnitellaan yhdess\u00e4 kiinteist\u00f6si yll\u00e4pito- ja huoltosopimus vuodelle 2026!\t\t\t\t<\/a>\n\t\t\t<\/h4>\n\n\t\t\t\n\t\t\t<div class=\"latest-news-item-excerpt\">\n\t\t\t\t<p>Lorem ipsum&#8230;.<\/p>\n\t\t\t<\/div>\n\n\n\t\t<\/div>\n\t\t\t\t\t\t\t<div class=\"mdc-card__actions box-padding-lr-small text-dark\">\n\t\t\t\t<div class=\"mdc-card__action-icons col-xs-12 text-dark col-sm-fit no-padding-left\">\n\t\t\t\t\t\t<a class=\"post-footer-link\" href=\"https:\/\/havera.fi\/index.php\/2025\/08\/11\/hello-world\/\">\n\t\t<i class=\"mdi small mdi-comment-outline mdc-card__action mdc-card__action--icon color-darkgray\" title=\"Comments\"><\/i>\n\t\t<span class=\"post-footer-value\">1<\/span>\n\t<\/a>\n\t<a class=\"post-footer-link\" href=\"https:\/\/havera.fi\/index.php\/2025\/08\/11\/hello-world\/\">\n\t\t<i class=\"mdi small mdi-clock mdc-card__action mdc-card__action--icon color-darkgray\" title=\"Post Time\"><\/i>\n\t\t<span class=\"post-footer-value\">11 elokuun, 2025<\/span>\n\t<\/a>\n\t\t\t\t\t<\/div>\n\t\t\t\t<div class=\"mdc-card__action-buttons col-xs-12 col-sm-fit no-padding\">\n\t\t\t\t\t<a href=\"https:\/\/havera.fi\/index.php\/2025\/08\/11\/hello-world\/\" class=\"button color2 link\">Read more<\/a>\n\t\t\t\t<\/div>\n\t\t\t<\/div>\n\t\t\t<\/div>\n\t\t\t\t<\/div>\n\t\t\t\t<\/div>\n\t<\/div><\/div> <div  class=\"row\"><div  class=\"col-xs-12 text-center\"> <a  class=\"button big color1 mdc-elevation--z3 mdc-ripple-upgraded\" data-attr-shortcode=\"href:materialis_blog_link\" href=\"https:\/\/havera.fi\/?post_type=post\">LUE LIS\u00c4\u00c4<\/a><\/div> <\/div><\/div><\/div><div data-label=\"Yhteystiedot\" data-id=\"about--1\" data-export-id=\"about-1\" data-category=\"about\" class=\"about-1 content-section content-section-spacing-large\" id=\"yhteystiedot\"  style=\"background-color: rgb(255, 255, 255); background-image: none;\"><div class=\"gridContainer\" > <div class=\"row col-xs-12\" ><div class=\"section-title-col\" data-type=\"column\" >   <h1 class=\"\" >Yhteystiedot<\/h1><p class=\"lead\" >Voit olla yhteydess\u00e4 meihin suoraan puhelimitse ja s\u00e4hk\u00f6postilla. Voit my\u00f6s l\u00e4hett\u00e4\u00e4 alla olevan lomakkeen ja vastaamme 24 tunnin sis\u00e4ll\u00e4.Voit olla yhteydess\u00e4 meihin suoraan puhelimitse ja s\u00e4hk\u00f6postilla. Voit my\u00f6s l\u00e4hett\u00e4\u00e4 alla olevan lomakkeen ja vastaamme 24 tunnin sis\u00e4ll\u00e4.<\/p><h2 class=\"\" >Havera Oy<\/h2><p  class=\"\"><span style=\"font-size: 17.6px;\" >Puhelin: +358 40 504 1104<\/span><br  style=\"font-size: 17.6px;\"><span style=\"font-size: 17.6px;\" >Sposti: info@havera.fi<\/span><br  style=\"font-size: 17.6px;\"><span style=\"font-size: 17.6px;\" >K\u00e4yntiosoite: Juutisentie 13, FI-90310 OULU<\/span><br  style=\"font-size: 17.6px;\"><span style=\"font-size: 17.6px;\" >Y-tunnus: 3536747-8<\/span><br  style=\"font-size: 17.6px;\"><br  style=\"font-size: 17.6px;\"><span style=\"font-size: 17.6px;\" >Henrik Mettovaara, toimitusjohtaja<\/span><br  style=\"font-size: 17.6px;\"><span style=\"font-size: 17.6px;\" >Puhelin: +358 40 504 1104<\/span><br  style=\"font-size: 17.6px;\"><span style=\"font-size: 17.6px;\" >Sposti: henrik.mettovaara@havera.fi<\/span><\/p><\/div> <\/div> <div class=\"row col-xs-12\" > <div class=\"button-holder space-bottom space-bottom-small\" data-type=\"column\" > <\/div> <div class=\"col-xs bottom-xs flexbox image-group-bottom-3-img center-xs\" > <img decoding=\"async\" class=\"left-img mdc-elevation--z10 rounded-topleft-topright\" data-size=\"400x275\" src=\"https:\/\/havera.fi\/wp-content\/uploads\/2025\/08\/cropped-pexels-caitlin-whealy-3517316-5652626-scaled-2.jpg\" > <img decoding=\"async\" class=\"center-img mdc-elevation--z10 rounded-topleft-topright\" data-size=\"500x325\" src=\"https:\/\/havera.fi\/wp-content\/uploads\/2025\/09\/cropped-cropped-Henrik_auto1-scaled-2.jpg\" > <img decoding=\"async\" class=\"right-img mdc-elevation--z10 rounded-topleft-topright\" data-size=\"400x275\" src=\"https:\/\/havera.fi\/wp-content\/uploads\/2025\/08\/cropped-cropped-pexels-pixabay-221027-scaled-1.jpg\" ><\/div> <\/div><\/div> <\/div>","protected":false},"excerpt":{"rendered":"","protected":false},"author":1,"featured_media":0,"parent":0,"menu_order":0,"comment_status":"closed","ping_status":"closed","template":"page-templates\/homepage.php","meta":{"footnotes":""},"class_list":["post-34","page","type-page","status-publish","hentry"],"_links":{"self":[{"href":"https:\/\/havera.fi\/index.php\/wp-json\/wp\/v2\/pages\/34","targetHints":{"allow":["GET"]}}],"collection":[{"href":"https:\/\/havera.fi\/index.php\/wp-json\/wp\/v2\/pages"}],"about":[{"href":"https:\/\/havera.fi\/index.php\/wp-json\/wp\/v2\/types\/page"}],"author":[{"embeddable":true,"href":"https:\/\/havera.fi\/index.php\/wp-json\/wp\/v2\/users\/1"}],"replies":[{"embeddable":true,"href":"https:\/\/havera.fi\/index.php\/wp-json\/wp\/v2\/comments?post=34"}],"version-history":[{"count":30,"href":"https:\/\/havera.fi\/index.php\/wp-json\/wp\/v2\/pages\/34\/revisions"}],"predecessor-version":[{"id":142,"href":"https:\/\/havera.fi\/index.php\/wp-json\/wp\/v2\/pages\/34\/revisions\/142"}],"wp:attachment":[{"href":"https:\/\/havera.fi\/index.php\/wp-json\/wp\/v2\/media?parent=34"}],"curies":[{"name":"wp","href":"https:\/\/api.w.org\/{rel}","templated":true}]}}